{"id":1057,"date":"2024-03-21T06:05:21","date_gmt":"2024-03-21T06:05:21","guid":{"rendered":"https:\/\/bicyflash.com\/?page_id=1057"},"modified":"2024-03-21T06:06:01","modified_gmt":"2024-03-21T06:06:01","slug":"accesories","status":"publish","type":"page","link":"https:\/\/bicyflash.com\/fr\/accesories\/","title":{"rendered":"Accessoires"},"content":{"rendered":"<div data-elementor-type=\"wp-page\" data-elementor-id=\"1057\" class=\"elementor elementor-1057\" data-elementor-post-type=\"page\">\n\t\t\t\t<div class=\"elementor-element elementor-element-987c129 e-flex e-con-boxed e-con e-parent\" data-id=\"987c129\" data-element_type=\"container\" data-e-type=\"container\">\n\t\t\t\t\t<div class=\"e-con-inner\">\n\t\t\t\t<div class=\"elementor-element elementor-element-5945c58 elementor-grid-4 elementor-grid-tablet-3 elementor-grid-mobile-2 elementor-products-grid elementor-wc-products elementor-widget elementor-widget-woocommerce-products\" data-id=\"5945c58\" data-element_type=\"widget\" data-e-type=\"widget\" data-widget_type=\"woocommerce-products.default\">\n\t\t\t\t<div class=\"elementor-widget-container\">\n\t\t\t\t\t<div class=\"woocommerce columns-4\"><ul class=\"products elementor-grid columns-4\">\n<li class=\"product type-product post-1054 status-publish first instock product_cat-accessories has-post-thumbnail shipping-taxable purchasable product-type-simple\">\n\t<a href=\"https:\/\/bicyflash.com\/fr\/produit\/fingerprints-app-locker\/\" class=\"woocommerce-LoopProduct-link woocommerce-loop-product__link\"><img fetchpriority=\"high\" decoding=\"async\" width=\"300\" height=\"300\" src=\"https:\/\/bicyflash.com\/wp-content\/uploads\/2024\/03\/fingerprint-authentication-300x300.jpg\" class=\"attachment-woocommerce_thumbnail size-woocommerce_thumbnail\" alt=\"Fingerprint authentication\" srcset=\"https:\/\/bicyflash.com\/wp-content\/uploads\/2024\/03\/fingerprint-authentication-300x300.jpg 300w, https:\/\/bicyflash.com\/wp-content\/uploads\/2024\/03\/fingerprint-authentication-150x150.jpg 150w, https:\/\/bicyflash.com\/wp-content\/uploads\/2024\/03\/fingerprint-authentication-100x100.jpg 100w\" sizes=\"(max-width: 300px) 100vw, 300px\" \/><h2 class=\"woocommerce-loop-product__title\">FingerPrints &#038; App Locker<\/h2>\n\t<span class=\"price\"><span class=\"woocommerce-Price-amount amount\"><bdi><span class=\"woocommerce-Price-currencySymbol\">&#36;<\/span>86.00<\/bdi><\/span><\/span>\n<\/a><a href=\"\/fr\/wp-json\/wp\/v2\/pages\/1057?add-to-cart=1054\" aria-describedby=\"woocommerce_loop_add_to_cart_link_describedby_1054\" data-quantity=\"1\" class=\"button product_type_simple add_to_cart_button ajax_add_to_cart\" data-product_id=\"1054\" data-product_sku=\"\" aria-label=\"Ajouter au panier\u00a0: \u201cFingerPrints &amp; App Locker\u201d\" rel=\"nofollow\" data-success_message=\"\u00ab\u00a0FingerPrints &amp; App Locker\u00a0\u00bb a \u00e9t\u00e9 ajout\u00e9 \u00e0 votre panier\" role=\"button\" data-no-translation=\"\" data-trp-gettext=\"\" data-no-translation-aria-label=\"\" data-no-translation-data-success_message=\"\">Ajouter au panier<\/a>\t<span id=\"woocommerce_loop_add_to_cart_link_describedby_1054\" class=\"screen-reader-text\">\n\t\t\t<\/span>\n<\/li>\n<li class=\"product type-product post-952 status-publish instock product_cat-accessories has-post-thumbnail shipping-taxable purchasable product-type-simple\">\n\t<a href=\"https:\/\/bicyflash.com\/fr\/produit\/onguard-locker\/\" class=\"woocommerce-LoopProduct-link woocommerce-loop-product__link\"><img decoding=\"async\" width=\"300\" height=\"300\" src=\"https:\/\/bicyflash.com\/wp-content\/uploads\/2024\/03\/Heavy-Duty-Bicycle-U-Lock.H03.2k-1-300x300.png\" class=\"attachment-woocommerce_thumbnail size-woocommerce_thumbnail\" alt=\"OnGuard locker\" srcset=\"https:\/\/bicyflash.com\/wp-content\/uploads\/2024\/03\/Heavy-Duty-Bicycle-U-Lock.H03.2k-1-300x300.png 300w, https:\/\/bicyflash.com\/wp-content\/uploads\/2024\/03\/Heavy-Duty-Bicycle-U-Lock.H03.2k-1-1024x1024.png 1024w, https:\/\/bicyflash.com\/wp-content\/uploads\/2024\/03\/Heavy-Duty-Bicycle-U-Lock.H03.2k-1-150x150.png 150w, https:\/\/bicyflash.com\/wp-content\/uploads\/2024\/03\/Heavy-Duty-Bicycle-U-Lock.H03.2k-1-768x768.png 768w, https:\/\/bicyflash.com\/wp-content\/uploads\/2024\/03\/Heavy-Duty-Bicycle-U-Lock.H03.2k-1-1536x1536.png 1536w, https:\/\/bicyflash.com\/wp-content\/uploads\/2024\/03\/Heavy-Duty-Bicycle-U-Lock.H03.2k-1-600x600.png 600w, https:\/\/bicyflash.com\/wp-content\/uploads\/2024\/03\/Heavy-Duty-Bicycle-U-Lock.H03.2k-1-100x100.png 100w, https:\/\/bicyflash.com\/wp-content\/uploads\/2024\/03\/Heavy-Duty-Bicycle-U-Lock.H03.2k-1.png 2048w\" sizes=\"(max-width: 300px) 100vw, 300px\" \/><h2 class=\"woocommerce-loop-product__title\">OnGuard locker<\/h2>\n\t<span class=\"price\"><span class=\"woocommerce-Price-amount amount\"><bdi><span class=\"woocommerce-Price-currencySymbol\">&#36;<\/span>60.00<\/bdi><\/span><\/span>\n<\/a><a href=\"\/fr\/wp-json\/wp\/v2\/pages\/1057?add-to-cart=952\" aria-describedby=\"woocommerce_loop_add_to_cart_link_describedby_952\" data-quantity=\"1\" class=\"button product_type_simple add_to_cart_button ajax_add_to_cart\" data-product_id=\"952\" data-product_sku=\"\" aria-label=\"Ajouter au panier\u00a0: \u201cOnGuard locker\u201d\" rel=\"nofollow\" data-success_message=\"\u00ab\u00a0OnGuard locker\u00a0\u00bb a \u00e9t\u00e9 ajout\u00e9 \u00e0 votre panier\" role=\"button\" data-no-translation=\"\" data-trp-gettext=\"\" data-no-translation-aria-label=\"\" data-no-translation-data-success_message=\"\">Ajouter au panier<\/a>\t<span id=\"woocommerce_loop_add_to_cart_link_describedby_952\" class=\"screen-reader-text\">\n\t\t\t<\/span>\n<\/li>\n<\/ul>\n<\/div>\t\t\t\t<\/div>\n\t\t\t\t<\/div>\n\t\t\t\t\t<\/div>\n\t\t\t\t<\/div>\n\t\t\t\t<\/div>","protected":false},"excerpt":{"rendered":"","protected":false},"author":1,"featured_media":0,"parent":0,"menu_order":0,"comment_status":"closed","ping_status":"closed","template":"","meta":{"om_disable_all_campaigns":false,"_monsterinsights_skip_tracking":false,"_monsterinsights_sitenote_active":false,"_monsterinsights_sitenote_note":"","_monsterinsights_sitenote_category":0,"_uf_show_specific_survey":0,"_uf_disable_surveys":false,"footnotes":""},"class_list":["post-1057","page","type-page","status-publish","hentry"],"aioseo_notices":[],"_links":{"self":[{"href":"https:\/\/bicyflash.com\/fr\/wp-json\/wp\/v2\/pages\/1057","targetHints":{"allow":["GET"]}}],"collection":[{"href":"https:\/\/bicyflash.com\/fr\/wp-json\/wp\/v2\/pages"}],"about":[{"href":"https:\/\/bicyflash.com\/fr\/wp-json\/wp\/v2\/types\/page"}],"author":[{"embeddable":true,"href":"https:\/\/bicyflash.com\/fr\/wp-json\/wp\/v2\/users\/1"}],"replies":[{"embeddable":true,"href":"https:\/\/bicyflash.com\/fr\/wp-json\/wp\/v2\/comments?post=1057"}],"version-history":[{"count":4,"href":"https:\/\/bicyflash.com\/fr\/wp-json\/wp\/v2\/pages\/1057\/revisions"}],"predecessor-version":[{"id":1062,"href":"https:\/\/bicyflash.com\/fr\/wp-json\/wp\/v2\/pages\/1057\/revisions\/1062"}],"wp:attachment":[{"href":"https:\/\/bicyflash.com\/fr\/wp-json\/wp\/v2\/media?parent=1057"}],"curies":[{"name":"wp","href":"https:\/\/api.w.org\/{rel}","templated":true}]}}